{"id":59,"date":"2024-04-30T21:55:02","date_gmt":"2024-04-30T19:55:02","guid":{"rendered":"https:\/\/university.togethersomosuno.org\/?page_id=59"},"modified":"2026-01-09T18:09:35","modified_gmt":"2026-01-09T17:09:35","slug":"terminos-y-condiciones","status":"publish","type":"page","link":"https:\/\/university.togethersomosuno.org\/en\/terminos-y-condiciones\/","title":{"rendered":"Terms and conditions"},"content":{"rendered":"<div data-elementor-type=\"wp-page\" data-elementor-id=\"59\" class=\"elementor elementor-59\" data-elementor-post-type=\"page\">\n\t\t\t\t\t\t<section class=\"elementor-section elementor-top-section elementor-element elementor-element-df8d3a3 elementor-section-boxed elementor-section-height-default elementor-section-height-default\" data-id=\"df8d3a3\" data-element_type=\"section\" data-e-type=\"section\">\n\t\t\t\t\t\t<div class=\"elementor-container elementor-column-gap-default\">\n\t\t\t\t\t<div class=\"elementor-column elementor-col-100 elementor-top-column elementor-element elementor-element-ff2b51d\" data-id=\"ff2b51d\" data-element_type=\"column\" data-e-type=\"column\">\n\t\t\t<div class=\"elementor-widget-wrap elementor-element-populated\">\n\t\t\t\t\t\t<div class=\"elementor-element elementor-element-55c6167 elementor-widget elementor-widget-heading\" data-id=\"55c6167\" data-element_type=\"widget\" data-e-type=\"widget\" data-widget_type=\"heading.default\">\n\t\t\t\t<div class=\"elementor-widget-container\">\n\t\t\t\t\t<h2 class=\"elementor-heading-title elementor-size-default\">Terms and conditions<\/h2>\t\t\t\t<\/div>\n\t\t\t\t<\/div>\n\t\t\t\t<div class=\"elementor-element elementor-element-6e1a06d elementor-widget elementor-widget-text-editor\" data-id=\"6e1a06d\" data-element_type=\"widget\" data-e-type=\"widget\" data-widget_type=\"text-editor.default\">\n\t\t\t\t<div class=\"elementor-widget-container\">\n\t\t\t\t\t\t\t\t\t<p><strong>1. Acceptance of the terms<\/strong><\/p><p>By accessing and using the TOGETHER website we are UNO UNIVERSITY (university.togethersomosuno.org), you agree to be bound by these terms and conditions. If you do not agree with any of the terms, you should not use the site.<\/p><p><strong>2. Site use<\/strong><\/p><p>The use of our site is intended only for individuals who may form legally binding contracts under applicable law. By using the Site, you guarantee that you are at least 18 years old or, if you are under 18 years old, that you have permission from your parents or legal guardians to use the Site.<\/p><p><strong>3. Registration and accounts<\/strong><\/p><p>To access certain services on the site, you may need to create an account. You are committed to providing accurate, current and complete information during the registration process. You are responsible for maintaining the confidentiality of your account and password, and agree to notify Together We are Una University immediately of any unauthorized use of your account.<\/p><p><strong>4. Intellectual property<\/strong><\/p><p>All content on the Site, including but not limited to texts, graphics, logos, images, videos, software and materials of the course, is protected by copyright, trademark and other intellectual property laws. You cannot reproduce, distribute, modify, create derivative works, publicly display or otherwise exploit any content without the previous written permission of Together We are one University.<\/p><p><strong>5. User behavior<\/strong><\/p><p>By using the site, you agree to not:<\/p><ul><li>Use the Site for any illegal or prohibited purpose by these terms and conditions.<\/li><li>Loading or transmitting any content that is illegal, harmful, threatening, abusive, harassing, defamatory, vulgar, obscene or otherwise objectionable.<\/li><li>Interfere with the operation of the site or the servers or networks connected to the site.<\/li><li>Try to access any area of the site for which you are not authorized.<\/li><\/ul><p><strong>6. Payments and refunds<\/strong><\/p><p>By enrolling in a course or purchasing any service, you agree to pay all applicable fees. Fees must be paid at the time of purchase. We have a 12-hour refund policy for eligible courses. Please see our refund policy for more details.<\/p><p><strong>7. Links to third party sites<\/strong><\/p><p>The Site may contain links to third party websites that are not owned or controlled by Together We are Uno University. We have no control over the content, privacy policies or practices of third-party websites and we assume no responsibility for them. We recommend that you read the terms and conditions and privacy policies of any third-party website you visit.<\/p><p><strong>8. Modifications of the terms<\/strong><\/p><p>We reserve the right to modify these Terms and Conditions at any time. Any changes will be posted on this page and will take effect immediately after its publication. We recommend that you review these Terms and Conditions periodically to be aware of any changes.<\/p><p><strong>9. Limitation of Liability<\/strong><\/p><p>To the maximum extent permitted by applicable law, TOGETHER we are UNIVERSITY will not be responsible for any indirect, incidental, special, consequential or punitive damage, or any loss of income, benefits, data or use, incurred by you or any third party, whether in a contractual or non-contractual action, derived from your access or use of the Site.<\/p><p><strong>10. Applicable law<\/strong><\/p><p><span data-path-to-node=\"2,1\"><span class=\"citation-519\">These Terms and Conditions shall be governed and interpreted in accordance with the laws of the <\/span><b data-path-to-node=\"2,1\" data-index-in-node=\"85\"><span class=\"citation-519\">State of Indiana, United States<\/span><\/b><span class=\"citation-519\">, without giving effect to any provision or rule of choice of laws<\/span><\/span><span data-path-to-node=\"2,3\">. <\/span><span data-path-to-node=\"2,5\"><span class=\"citation-518\">Any dispute related to these Terms and Conditions will be resolved exclusively in the courts of <\/span><b data-path-to-node=\"2,5\" data-index-in-node=\"113\"><span class=\"citation-518\">Lawrence City, Marion County, Indiana<\/span><\/b><\/span><span data-path-to-node=\"2,7\">.<\/span><\/p><p><strong>11. Contact<\/strong><\/p><p>If you have any questions about these terms and conditions, please contact us at together at togethersomosuno@gmail.com.<\/p>\t\t\t\t\t\t\t\t<\/div>\n\t\t\t\t<\/div>\n\t\t\t\t\t<\/div>\n\t\t<\/div>\n\t\t\t\t\t<\/div>\n\t\t<\/section>\n\t\t\t\t<\/div>","protected":false},"excerpt":{"rendered":"<p>T\u00e9rminos y condiciones 1. Aceptaci\u00f3n de los T\u00e9rminos Al acceder y utilizar el sitio web Together Somos Uno University (university.togethersomosuno.org), [&hellip;]<\/p>\n","protected":false},"author":1,"featured_media":0,"parent":0,"menu_order":0,"comment_status":"closed","ping_status":"closed","template":"","meta":{"site-sidebar-layout":"no-sidebar","site-content-layout":"","ast-site-content-layout":"full-width-container","site-content-style":"default","site-sidebar-style":"default","ast-global-header-display":"","ast-banner-title-visibility":"","ast-main-header-display":"","ast-hfb-above-header-display":"","ast-hfb-below-header-display":"","ast-hfb-mobile-header-display":"","site-post-title":"disabled","ast-breadcrumbs-content":"","ast-featured-img":"disabled","footer-sml-layout":"","theme-transparent-header-meta":"","adv-header-id-meta":"","stick-header-meta":"","header-above-stick-meta":"","header-main-stick-meta":"","header-below-stick-meta":"","astra-migrate-meta-layouts":"default","ast-page-background-enabled":"default","ast-page-background-meta":{"desktop":{"background-color":"var(--ast-global-color-4)","background-image":"","background-repeat":"repeat","background-position":"center center","background-size":"auto","background-attachment":"scroll","background-type":"","background-media":"","overlay-type":"","overlay-color":"","overlay-opacity":"","overlay-gradient":""},"tablet":{"background-color":"","background-image":"","background-repeat":"repeat","background-position":"center center","background-size":"auto","background-attachment":"scroll","background-type":"","background-media":"","overlay-type":"","overlay-color":"","overlay-opacity":"","overlay-gradient":""},"mobile":{"background-color":"","background-image":"","background-repeat":"repeat","background-position":"center center","background-size":"auto","background-attachment":"scroll","background-type":"","background-media":"","overlay-type":"","overlay-color":"","overlay-opacity":"","overlay-gradient":""}},"ast-content-background-meta":{"desktop":{"background-color":"var(--ast-global-color-5)","background-image":"","background-repeat":"repeat","background-position":"center center","background-size":"auto","background-attachment":"scroll","background-type":"","background-media":"","overlay-type":"","overlay-color":"","overlay-opacity":"","overlay-gradient":""},"tablet":{"background-color":"var(--ast-global-color-5)","background-image":"","background-repeat":"repeat","background-position":"center center","background-size":"auto","background-attachment":"scroll","background-type":"","background-media":"","overlay-type":"","overlay-color":"","overlay-opacity":"","overlay-gradient":""},"mobile":{"background-color":"var(--ast-global-color-5)","background-image":"","background-repeat":"repeat","background-position":"center center","background-size":"auto","background-attachment":"scroll","background-type":"","background-media":"","overlay-type":"","overlay-color":"","overlay-opacity":"","overlay-gradient":""}},"_joinchat":[],"footnotes":""},"class_list":["post-59","page","type-page","status-publish","hentry"],"yoast_head":"<!-- This site is optimized with the Yoast SEO plugin v27.1.1 - https:\/\/yoast.com\/product\/yoast-seo-wordpress\/ -->\n<title>T\u00e9rminos y condiciones - TogetherSomosUno University<\/title>\n<meta name=\"robots\" content=\"index, follow, max-snippet:-1, max-image-preview:large, max-video-preview:-1\" \/>\n<link rel=\"canonical\" href=\"https:\/\/university.togethersomosuno.org\/en\/terminos-y-condiciones\/\" \/>\n<meta property=\"og:locale\" content=\"en_US\" \/>\n<meta property=\"og:type\" content=\"article\" \/>\n<meta property=\"og:title\" content=\"T\u00e9rminos y condiciones - TogetherSomosUno University\" \/>\n<meta property=\"og:description\" content=\"T\u00e9rminos y condiciones 1. Aceptaci\u00f3n de los T\u00e9rminos Al acceder y utilizar el sitio web Together Somos Uno University (university.togethersomosuno.org), [&hellip;]\" \/>\n<meta property=\"og:url\" content=\"https:\/\/university.togethersomosuno.org\/en\/terminos-y-condiciones\/\" \/>\n<meta property=\"og:site_name\" content=\"TogetherSomosUno University\" \/>\n<meta property=\"article:modified_time\" content=\"2026-01-09T17:09:35+00:00\" \/>\n<meta name=\"twitter:card\" content=\"summary_large_image\" \/>\n<meta name=\"twitter:label1\" content=\"Est. reading time\" \/>\n\t<meta name=\"twitter:data1\" content=\"3 minutes\" \/>\n<script type=\"application\/ld+json\" class=\"yoast-schema-graph\">{\"@context\":\"https:\/\/schema.org\",\"@graph\":[{\"@type\":\"WebPage\",\"@id\":\"https:\/\/university.togethersomosuno.org\/terminos-y-condiciones\/\",\"url\":\"https:\/\/university.togethersomosuno.org\/terminos-y-condiciones\/\",\"name\":\"T\u00e9rminos y condiciones - TogetherSomosUno University\",\"isPartOf\":{\"@id\":\"https:\/\/university.togethersomosuno.org\/#website\"},\"datePublished\":\"2024-04-30T19:55:02+00:00\",\"dateModified\":\"2026-01-09T17:09:35+00:00\",\"breadcrumb\":{\"@id\":\"https:\/\/university.togethersomosuno.org\/terminos-y-condiciones\/#breadcrumb\"},\"inLanguage\":\"en-US\",\"potentialAction\":[{\"@type\":\"ReadAction\",\"target\":[\"https:\/\/university.togethersomosuno.org\/terminos-y-condiciones\/\"]}]},{\"@type\":\"BreadcrumbList\",\"@id\":\"https:\/\/university.togethersomosuno.org\/terminos-y-condiciones\/#breadcrumb\",\"itemListElement\":[{\"@type\":\"ListItem\",\"position\":1,\"name\":\"Portada\",\"item\":\"https:\/\/university.togethersomosuno.org\/\"},{\"@type\":\"ListItem\",\"position\":2,\"name\":\"T\u00e9rminos y condiciones\"}]},{\"@type\":\"WebSite\",\"@id\":\"https:\/\/university.togethersomosuno.org\/#website\",\"url\":\"https:\/\/university.togethersomosuno.org\/\",\"name\":\"TogetherSomosUno University\",\"description\":\"\",\"publisher\":{\"@id\":\"https:\/\/university.togethersomosuno.org\/#organization\"},\"potentialAction\":[{\"@type\":\"SearchAction\",\"target\":{\"@type\":\"EntryPoint\",\"urlTemplate\":\"https:\/\/university.togethersomosuno.org\/?s={search_term_string}\"},\"query-input\":{\"@type\":\"PropertyValueSpecification\",\"valueRequired\":true,\"valueName\":\"search_term_string\"}}],\"inLanguage\":\"en-US\"},{\"@type\":\"Organization\",\"@id\":\"https:\/\/university.togethersomosuno.org\/#organization\",\"name\":\"TogetherSomosUno University\",\"url\":\"https:\/\/university.togethersomosuno.org\/\",\"logo\":{\"@type\":\"ImageObject\",\"inLanguage\":\"en-US\",\"@id\":\"https:\/\/university.togethersomosuno.org\/#\/schema\/logo\/image\/\",\"url\":\"https:\/\/university.togethersomosuno.org\/wp-content\/uploads\/2026\/01\/logo-together-universidad-sin-fondo-1.png\",\"contentUrl\":\"https:\/\/university.togethersomosuno.org\/wp-content\/uploads\/2026\/01\/logo-together-universidad-sin-fondo-1.png\",\"width\":1024,\"height\":1024,\"caption\":\"TogetherSomosUno University\"},\"image\":{\"@id\":\"https:\/\/university.togethersomosuno.org\/#\/schema\/logo\/image\/\"}}]}<\/script>\n<!-- \/ Yoast SEO plugin. -->","yoast_head_json":{"title":"Terms and Conditions - TogetherSoUnOUniversity","robots":{"index":"index","follow":"follow","max-snippet":"max-snippet:-1","max-image-preview":"max-image-preview:large","max-video-preview":"max-video-preview:-1"},"canonical":"https:\/\/university.togethersomosuno.org\/en\/terminos-y-condiciones\/","og_locale":"en_US","og_type":"article","og_title":"T\u00e9rminos y condiciones - TogetherSomosUno University","og_description":"T\u00e9rminos y condiciones 1. Aceptaci\u00f3n de los T\u00e9rminos Al acceder y utilizar el sitio web Together Somos Uno University (university.togethersomosuno.org), [&hellip;]","og_url":"https:\/\/university.togethersomosuno.org\/en\/terminos-y-condiciones\/","og_site_name":"TogetherSomosUno University","article_modified_time":"2026-01-09T17:09:35+00:00","twitter_card":"summary_large_image","twitter_misc":{"Est. reading time":"3 minutes"},"schema":{"@context":"https:\/\/schema.org","@graph":[{"@type":"WebPage","@id":"https:\/\/university.togethersomosuno.org\/terminos-y-condiciones\/","url":"https:\/\/university.togethersomosuno.org\/terminos-y-condiciones\/","name":"Terms and Conditions - TogetherSoUnOUniversity","isPartOf":{"@id":"https:\/\/university.togethersomosuno.org\/#website"},"datePublished":"2024-04-30T19:55:02+00:00","dateModified":"2026-01-09T17:09:35+00:00","breadcrumb":{"@id":"https:\/\/university.togethersomosuno.org\/terminos-y-condiciones\/#breadcrumb"},"inLanguage":"en-US","potentialAction":[{"@type":"ReadAction","target":["https:\/\/university.togethersomosuno.org\/terminos-y-condiciones\/"]}]},{"@type":"BreadcrumbList","@id":"https:\/\/university.togethersomosuno.org\/terminos-y-condiciones\/#breadcrumb","itemListElement":[{"@type":"ListItem","position":1,"name":"Portada","item":"https:\/\/university.togethersomosuno.org\/"},{"@type":"ListItem","position":2,"name":"T\u00e9rminos y condiciones"}]},{"@type":"WebSite","@id":"https:\/\/university.togethersomosuno.org\/#website","url":"https:\/\/university.togethersomosuno.org\/","name":"TogetherSomosUno University","description":"","publisher":{"@id":"https:\/\/university.togethersomosuno.org\/#organization"},"potentialAction":[{"@type":"SearchAction","target":{"@type":"EntryPoint","urlTemplate":"https:\/\/university.togethersomosuno.org\/?s={search_term_string}"},"query-input":{"@type":"PropertyValueSpecification","valueRequired":true,"valueName":"search_term_string"}}],"inLanguage":"en-US"},{"@type":"Organization","@id":"https:\/\/university.togethersomosuno.org\/#organization","name":"TogetherSomosUno University","url":"https:\/\/university.togethersomosuno.org\/","logo":{"@type":"ImageObject","inLanguage":"en-US","@id":"https:\/\/university.togethersomosuno.org\/#\/schema\/logo\/image\/","url":"https:\/\/university.togethersomosuno.org\/wp-content\/uploads\/2026\/01\/logo-together-universidad-sin-fondo-1.png","contentUrl":"https:\/\/university.togethersomosuno.org\/wp-content\/uploads\/2026\/01\/logo-together-universidad-sin-fondo-1.png","width":1024,"height":1024,"caption":"TogetherSomosUno University"},"image":{"@id":"https:\/\/university.togethersomosuno.org\/#\/schema\/logo\/image\/"}}]}},"_links":{"self":[{"href":"https:\/\/university.togethersomosuno.org\/en\/wp-json\/wp\/v2\/pages\/59","targetHints":{"allow":["GET"]}}],"collection":[{"href":"https:\/\/university.togethersomosuno.org\/en\/wp-json\/wp\/v2\/pages"}],"about":[{"href":"https:\/\/university.togethersomosuno.org\/en\/wp-json\/wp\/v2\/types\/page"}],"author":[{"embeddable":true,"href":"https:\/\/university.togethersomosuno.org\/en\/wp-json\/wp\/v2\/users\/1"}],"replies":[{"embeddable":true,"href":"https:\/\/university.togethersomosuno.org\/en\/wp-json\/wp\/v2\/comments?post=59"}],"version-history":[{"count":10,"href":"https:\/\/university.togethersomosuno.org\/en\/wp-json\/wp\/v2\/pages\/59\/revisions"}],"predecessor-version":[{"id":868,"href":"https:\/\/university.togethersomosuno.org\/en\/wp-json\/wp\/v2\/pages\/59\/revisions\/868"}],"wp:attachment":[{"href":"https:\/\/university.togethersomosuno.org\/en\/wp-json\/wp\/v2\/media?parent=59"}],"curies":[{"name":"wp","href":"https:\/\/api.w.org\/{rel}","templated":true}]}}